{"id":1011,"date":"2024-10-22T22:26:29","date_gmt":"2024-10-22T20:26:29","guid":{"rendered":"http:\/\/locaperche.fr\/?post_type=product&#038;p=1011"},"modified":"2025-03-11T21:09:38","modified_gmt":"2025-03-11T20:09:38","slug":"qtx-rp12","status":"publish","type":"product","link":"https:\/\/locaperche.fr\/index.php\/produit\/qtx-rp12\/","title":{"rendered":"BLOC DE PUISSANCE DMX 12 CANAUX"},"content":{"rendered":"<ul class=\"a-unordered-list a-vertical a-spacing-mini\">\n<li class=\"a-spacing-mini\"><span class=\"a-list-item\"> DMX paquet de relais avec 12 sorties de puissance individuels CEI <\/span><\/li>\n<li class=\"a-spacing-mini\"><span class=\"a-list-item\"> Chaque sortie est command\u00e9e par un relais individuel qui fait tourner la mise sous tension et hors tension, l&#8217;\u00e9conomie d&#8217;\u00e9nergie et de pr\u00e9server la dur\u00e9e de vie de vos effets de lumi\u00e8re <\/span><\/li>\n<li class=\"a-spacing-mini\"><span class=\"a-list-item\"> Id\u00e9al pour une utilisation avec des effets de lumi\u00e8re LED basse tension qui, lorsqu&#8217;il est utilis\u00e9 avec gradateurs, allumer et \u00e9teindre de mani\u00e8re al\u00e9atoire avec la tension d&#8217;impulsion envoy\u00e9e par le syst\u00e8me <\/span><\/li>\n<li class=\"a-spacing-mini\"><span class=\"a-list-item\"> 12, 6, 3, 2 ou 1 canal DMX <\/span><\/li>\n<\/ul>\n","protected":false},"excerpt":{"rendered":"<p>DMX paquet de relais avec 12 sorties de puissance individuels CEI Chaque sortie est command\u00e9e par un relais individuel qui fait tourner la mise sous tension et hors tension, l&#8217;\u00e9conomie d&#8217;\u00e9nergie et de pr\u00e9server la dur\u00e9e de vie de vos effets de lumi\u00e8re Id\u00e9al pour une utilisation avec des effets de lumi\u00e8re LED basse tension [&hellip;]<\/p>\n","protected":false},"featured_media":1012,"comment_status":"open","ping_status":"closed","template":"","meta":[],"product_cat":[23],"product_tag":[],"class_list":["post-1011","product","type-product","status-publish","has-post-thumbnail","hentry","product_cat-console-de-controle-dmx"],"_links":{"self":[{"href":"https:\/\/locaperche.fr\/index.php\/wp-json\/wp\/v2\/product\/1011","targetHints":{"allow":["GET"]}}],"collection":[{"href":"https:\/\/locaperche.fr\/index.php\/wp-json\/wp\/v2\/product"}],"about":[{"href":"https:\/\/locaperche.fr\/index.php\/wp-json\/wp\/v2\/types\/product"}],"replies":[{"embeddable":true,"href":"https:\/\/locaperche.fr\/index.php\/wp-json\/wp\/v2\/comments?post=1011"}],"wp:featuredmedia":[{"embeddable":true,"href":"https:\/\/locaperche.fr\/index.php\/wp-json\/wp\/v2\/media\/1012"}],"wp:attachment":[{"href":"https:\/\/locaperche.fr\/index.php\/wp-json\/wp\/v2\/media?parent=1011"}],"wp:term":[{"taxonomy":"product_cat","embeddable":true,"href":"https:\/\/locaperche.fr\/index.php\/wp-json\/wp\/v2\/product_cat?post=1011"},{"taxonomy":"product_tag","embeddable":true,"href":"https:\/\/locaperche.fr\/index.php\/wp-json\/wp\/v2\/product_tag?post=1011"}],"curies":[{"name":"wp","href":"https:\/\/api.w.org\/{rel}","templated":true}]}}