{"id":798,"date":"2024-10-26T14:24:29","date_gmt":"2024-10-26T12:24:29","guid":{"rendered":"http:\/\/locaperche.fr\/?page_id=798"},"modified":"2024-10-26T14:30:36","modified_gmt":"2024-10-26T12:30:36","slug":"colibri-798","status":"publish","type":"page","link":"https:\/\/locaperche.fr\/index.php\/colibri-798\/","title":{"rendered":"Colibri #798"},"content":{"rendered":"\n<div class=\"wp-block-columns is-layout-flex wp-container-core-columns-is-layout-80313974 wp-block-columns-is-layout-flex\" style=\"padding:0px\">\n<div class=\"wp-block-column is-layout-flow wp-block-column-is-layout-flow\" style=\"padding:0px\">\n<figure class=\"wp-block-image size-full\"><img decoding=\"async\" src=\"https:\/\/locaperche.fr\/wp-content\/plugins\/woocommerce\/packages\/woocommerce-blocks\/images\/pattern-placeholders\/table-wood-chair-floor-living-room-furniture-horizontal.png\" alt=\"Image de substitution utilis\u00e9e pour repr\u00e9senter un produit mis en avant dans une banni\u00e8re de produit.\"\/><\/figure>\n\n\n\n<div class=\"wp-block-group alignfull is-content-justification-center is-layout-flex wp-container-core-group-is-layout-4f65018d wp-block-group-is-layout-flex\" style=\"margin-top:30px;margin-bottom:20px;margin-left:0px;padding:0px\">\n<p class=\"has-text-color\" style=\"color:#fda700;font-size:24px\">\u2605\u2605\u2605\u2605<\/p>\n\n\n\n<p class=\"has-text-color\" style=\"color:#ffe8a4;margin-right:8px;font-size:24px\">\u2605<\/p>\n\n\n\n<p class=\"has-text-color\" style=\"color:#000000;font-size:13px\"><strong>4.2 <\/strong>(1,079 reviews)<\/p>\n<\/div>\n\n\n\n<h2 class=\"wp-block-heading has-text-align-center has-black-color has-text-color has-x-large-font-size\" style=\"margin-bottom:20px;font-size:48px;font-style:normal;font-weight:700;line-height:120%\">Patterned Upright, Orange and White, Wood Legs<\/h2>\n\n\n\n<div class=\"wp-block-group alignfull is-content-justification-center is-layout-flex wp-container-core-group-is-layout-05a6195e wp-block-group-is-layout-flex\" style=\"margin-top:0px;margin-bottom:40px;margin-left:0px;padding:0px\">\n<p class=\"has-text-color\" style=\"color:#000000;padding-right:5px;font-size:28px\"><strong><sup><sub>$<\/sub><\/sup>37.49<\/strong><\/p>\n\n\n\n<p class=\"has-text-color\" style=\"color:#d3d3d3ff;font-size:28px;font-weight:400\"><s>$47.49<\/s><\/p>\n<\/div>\n\n\n\n<div class=\"wp-block-buttons is-content-justification-center is-layout-flex wp-block-buttons-is-layout-flex\">\n<div class=\"wp-block-button has-custom-font-size is-style-fill has-medium-font-size\"><a class=\"wp-block-button__link has-white-color has-black-background-color has-text-color has-background wp-element-button\" style=\"padding-top:20px;padding-right:94px;padding-bottom:20px;padding-left:94px\"><strong>Add to cart<\/strong><\/a><\/div>\n<\/div>\n<\/div>\n<\/div>\n\n\n\n<div class=\"wp-block-columns alignwide is-layout-flex wp-container-core-columns-is-layout-5f4f44cd wp-block-columns-is-layout-flex\" style=\"padding-top:0;padding-right:0;padding-bottom:0;padding-left:0\">\n<div class=\"wp-block-column is-layout-flow wp-block-column-is-layout-flow\" style=\"flex-basis:66.66%\">\n<div class=\"wp-block-media-text alignwide has-media-on-the-right is-stacked-on-mobile has-text-color has-background\" style=\"color:#ffffff;background-color:#000000\"><div class=\"wp-block-media-text__content\">\n<div class=\"wp-block-group is-vertical is-layout-flex wp-container-core-group-is-layout-55791062 wp-block-group-is-layout-flex\" style=\"padding-top:0;padding-right:20px;padding-left:20px\">\n<h2 class=\"wp-block-heading has-large-font-size\" style=\"font-style:normal;font-weight:700\">Endless Tee&#8217;s<\/h2>\n\n\n\n<p class=\"has-small-font-size\">With high-quality materials and expert craftsmanship, our products are built to last and exceed your expectations.<\/p>\n\n\n\n<div class=\"wp-block-buttons is-layout-flex wp-block-buttons-is-layout-flex\">\n<div class=\"wp-block-button\"><a class=\"wp-block-button__link has-foreground-color has-background-background-color has-text-color has-background wp-element-button\">Shop now<\/a><\/div>\n<\/div>\n<\/div>\n<\/div><figure class=\"wp-block-media-text__media\"><img decoding=\"async\" src=\"https:\/\/locaperche.fr\/wp-content\/plugins\/woocommerce\/packages\/woocommerce-blocks\/images\/pattern-placeholders\/hand-guitar-finger-tshirt-clothing-rack.png\" alt=\"Image de substitution utilis\u00e9e pour repr\u00e9senter un produit mis en avant dans une section d\u2019accroche.\" class=\"wp-image-3800 size-full\"\/><\/figure><\/div>\n<\/div>\n\n\n\n<div class=\"wp-block-column is-vertically-aligned-center is-layout-flow wp-block-column-is-layout-flow\" style=\"padding-top:40px;padding-right:40px;padding-bottom:40px;padding-left:40px;flex-basis:25%\">\n<h2 class=\"wp-block-heading\" style=\"margin-top:0;margin-right:0;margin-bottom:0;margin-left:0;font-size:15px;font-style:normal;font-weight:700\">Waterproof Membrane<\/h2>\n\n\n\n<p style=\"margin-top:10px;margin-right:0;margin-bottom:0;margin-left:0;font-size:12px\">Never worry about the weather again. Keep yourself dry, warm, and looking stylish.<\/p>\n\n\n\n<hr class=\"wp-block-separator has-alpha-channel-opacity is-style-wide\" style=\"margin-top:20px;margin-bottom:20px\"\/>\n\n\n\n<h2 class=\"wp-block-heading\" style=\"margin-top:0;margin-right:0;margin-bottom:0;margin-left:0;font-size:15px;font-style:normal;font-weight:700\">Expert Craftsmanship<\/h2>\n\n\n\n<p style=\"margin-top:10px;margin-right:0;margin-bottom:0;margin-left:0;font-size:12px\">Our products are made with expert craftsmanship and attention to detail, ensuring that every stitch and seam is perfect.<\/p>\n\n\n\n<hr class=\"wp-block-separator has-alpha-channel-opacity is-style-wide\" style=\"margin-top:20px;margin-bottom:20px\"\/>\n\n\n\n<h2 class=\"wp-block-heading\" style=\"margin-top:0;margin-right:0;margin-bottom:0;margin-left:0;font-size:15px;font-style:normal;font-weight:700\">Durable Fabric<\/h2>\n\n\n\n<p style=\"margin-top:10px;margin-right:0;margin-bottom:0;margin-left:0;font-size:12px\">We use only the highest-quality materials in our products, ensuring that they look great and last for years to come.<\/p>\n\n\n\n<hr class=\"wp-block-separator has-alpha-channel-opacity is-style-wide\" style=\"margin-top:20px;margin-bottom:20px\"\/>\n\n\n\n<h2 class=\"wp-block-heading\" style=\"margin-top:0;margin-right:0;margin-bottom:0;margin-left:0;font-size:15px;font-style:normal;font-weight:700\">Sustainable Dyes<\/h2>\n\n\n\n<p style=\"margin-top:10px;margin-right:0;margin-bottom:0;margin-left:0;font-size:12px\">From bold prints and colors to intricate details and textures, our products are a perfect combination of style and function.<\/p>\n<\/div>\n<\/div>\n","protected":false},"excerpt":{"rendered":"<p>\u2605\u2605\u2605\u2605 \u2605 4.2 (1,079 reviews) Patterned Upright, Orange and White, Wood Legs $37.49 $47.49 Endless Tee&#8217;s With high-quality materials and expert craftsmanship, our products are built to last and exceed your expectations. Waterproof Membrane Never worry about the weather again. Keep yourself dry, warm, and looking stylish. Expert Craftsmanship Our products are made with expert [&hellip;]<\/p>\n","protected":false},"author":1,"featured_media":0,"parent":0,"menu_order":0,"comment_status":"closed","ping_status":"closed","template":"","meta":{"footnotes":""},"class_list":["post-798","page","type-page","status-publish","hentry"],"_links":{"self":[{"href":"https:\/\/locaperche.fr\/index.php\/wp-json\/wp\/v2\/pages\/798","targetHints":{"allow":["GET"]}}],"collection":[{"href":"https:\/\/locaperche.fr\/index.php\/wp-json\/wp\/v2\/pages"}],"about":[{"href":"https:\/\/locaperche.fr\/index.php\/wp-json\/wp\/v2\/types\/page"}],"author":[{"embeddable":true,"href":"https:\/\/locaperche.fr\/index.php\/wp-json\/wp\/v2\/users\/1"}],"replies":[{"embeddable":true,"href":"https:\/\/locaperche.fr\/index.php\/wp-json\/wp\/v2\/comments?post=798"}],"version-history":[{"count":5,"href":"https:\/\/locaperche.fr\/index.php\/wp-json\/wp\/v2\/pages\/798\/revisions"}],"predecessor-version":[{"id":1107,"href":"https:\/\/locaperche.fr\/index.php\/wp-json\/wp\/v2\/pages\/798\/revisions\/1107"}],"wp:attachment":[{"href":"https:\/\/locaperche.fr\/index.php\/wp-json\/wp\/v2\/media?parent=798"}],"curies":[{"name":"wp","href":"https:\/\/api.w.org\/{rel}","templated":true}]}}